{"id":365,"date":"2024-01-17T11:07:41","date_gmt":"2024-01-17T04:07:41","guid":{"rendered":"https:\/\/waikikihotelvn.com\/?page_id=365"},"modified":"2024-05-04T21:51:22","modified_gmt":"2024-05-04T14:51:22","slug":"terms-conditions","status":"publish","type":"page","link":"https:\/\/waikikihotelvn.com\/vi\/terms-conditions\/","title":{"rendered":"\u0110i\u1ec1u kho\u1ea3n v\u00e0 \u0111i\u1ec1u ki\u1ec7n"},"content":{"rendered":"<p><\/p>\n<section class=\"terms-conditions\">\n<div class=\"border p-3\">\n<h5 class=\"title\">Th\u1eddi gian nh\u1eadn v\u00e0 tr\u1ea3 ph\u00f2ng<\/h5>\n<div class=\"content\">\n<p>Gi\u1edd nh\u1eadn ph\u00f2ng: t\u1eeb 14:00.<br \/>\nGi\u1edd tr\u1ea3 ph\u00f2ng: tr\u01b0\u1edbc 12:00.<br \/>\nNh\u1eadn ph\u00f2ng s\u1edbm hay tr\u1ea3 ph\u00f2ng mu\u1ed9n ph\u1ee5 thu\u1ed9c v\u00e0o t\u00ecnh tr\u1ea1ng ph\u00f2ng c\u1ee7a kh\u00e1ch s\u1ea1n v\u00e0 t\u00ednh ph\u00ed ph\u1ee5 thu nh\u01b0 sau:<br \/>\n&#8211; Nh\u1eadn ph\u00f2ng tr\u01b0\u1edbc 06:00 ho\u1eb7c tr\u1ea3 ph\u00f2ng sau 18:00: t\u00ednh th\u00eam 100% ph\u00ed 01 \u0111\u00eam.<br \/>\n&#8211; Nh\u1eadn ph\u00f2ng s\u1edbm t\u1eeb 06:00 \u0111\u1ebfn 09:00 ho\u1eb7c tr\u1ea3 ph\u00f2ng mu\u1ed9n \u0111\u1ebfn 18:00: t\u00ednh th\u00eam 50% ph\u00ed 01 \u0111\u00eam.<br \/>\n&#8211; Nh\u1eadn ph\u00f2ng s\u1edbm t\u1eeb 09:00 \u0111\u1ebfn 14:00 ho\u1eb7c tr\u1ea3 ph\u00f2ng mu\u1ed9n \u0111\u1ebfn 15:00: t\u00ednh th\u00eam 30% ph\u00ed 01 \u0111\u00eam.<\/p>\n<\/div>\n<\/div>\n<div class=\"border p-3\">\n<h5 class=\"title\">Ch\u00ednh s\u00e1ch th\u00eam ng\u01b0\u1eddi v\u00e0 tr\u1ebb em<\/h5>\n<div class=\"content\">\n<p>&#8211; Mi\u1ec5n ph\u00ed ti\u1ec1n ph\u00f2ng cho 02 tr\u1ebb em d\u01b0\u1edbi 06 tu\u1ed5i ng\u1ee7 chung gi\u01b0\u1eddng v\u1edbi b\u1ed1 m\u1eb9.<br \/>\n&#8211; Ph\u1ee5 thu 50,000VND\/\u0111\u00eam\/tr\u1ebb t\u1eeb 06 &#8211; 11 tu\u1ed5i ng\u1ee7 chung gi\u01b0\u1eddng v\u1edbi b\u1ed1 m\u1eb9.<br \/>\n&#8211; Tr\u1ebb em t\u1eeb 12 tu\u1ed5i \u0111\u01b0\u1ee3c t\u00ednh nh\u01b0 ng\u01b0\u1eddi l\u1edbn, ph\u1ee5 thu ng\u01b0\u1eddi l\u1edbn 100,000VND\/\u0111\u00eam.<\/p>\n<\/div>\n<\/div>\n<div class=\"border p-3\">\n<h5 class=\"title\">Ch\u00ednh s\u00e1ch h\u1ee7y<\/h5>\n<div class=\"content\">\n<p>Trong b\u1ea5t c\u1ee9 tr\u01b0\u1eddng h\u1ee3p h\u1ee7y d\u1ecbch v\u1ee5, s\u1ebd thu ph\u00ed h\u1ee7y \u0111\u1eb7t ph\u00f2ng nh\u01b0 sau:<br \/>\n&#8211; Ng\u00e0y h\u1ee7y ph\u00f2ng c\u00e1ch ng\u00e0y check-in 15 ng\u00e0y tr\u1edf l\u00ean, Waikiki s\u1ebd ho\u00e0n l\u1ea1i 100% ti\u1ec1n c\u1ecdc.<br \/>\n&#8211; Ng\u00e0y h\u1ee7y ph\u00f2ng c\u00e1ch ng\u00e0y check-in t\u1eeb 7 \u0111\u1ebfn 14 ng\u00e0y, Waikiki s\u1ebd ho\u00e0n l\u1ea1i 50% ti\u1ec1n c\u1ecdc.<br \/>\n&#8211; Ng\u00e0y h\u1ee7y ph\u00f2ng c\u00e1ch ng\u00e0y check-in trong v\u00f2ng 7 ng\u00e0y, Waikiki s\u1ebd kh\u00f4ng th\u1ec3 ho\u00e0n l\u1ea1i ti\u1ec1n c\u1ecdc cho qu\u00fd kh\u00e1ch.<br \/>\n&#8211; M\u1ecdi \u0111\u1eb7t ph\u00f2ng \u0111\u1eb7t trong d\u1ecbp l\u1ec5\/ t\u1ebft \u0111\u1ec1u kh\u00f4ng \u0111\u01b0\u1ee3c ho\u00e0n hu\u1ef7 v\u00e0 thay \u0111\u1ed5i \u0111\u1eb7t ph\u00f2ng.<\/p>\n<\/div>\n<\/div>\n<\/section>\n<p><\/p>","protected":false},"excerpt":{"rendered":"<p>Th\u1eddi gian nh\u1eadn v\u00e0 tr\u1ea3 ph\u00f2ng Gi\u1edd nh\u1eadn ph\u00f2ng: t\u1eeb 14:00. Gi\u1edd tr\u1ea3 ph\u00f2ng: tr\u01b0\u1edbc 12:00. Nh\u1eadn ph\u00f2ng s\u1edbm hay tr\u1ea3 ph\u00f2ng mu\u1ed9n ph\u1ee5 thu\u1ed9c v\u00e0o t\u00ecnh tr\u1ea1ng ph\u00f2ng c\u1ee7a kh\u00e1ch s\u1ea1n v\u00e0 t\u00ednh ph\u00ed ph\u1ee5 thu nh\u01b0 sau: &#8211; Nh\u1eadn ph\u00f2ng tr\u01b0\u1edbc 06:00 ho\u1eb7c tr\u1ea3 ph\u00f2ng sau 18:00: t\u00ednh th\u00eam 100% ph\u00ed 01 \u0111\u00eam. [&hellip;]<\/p>\n","protected":false},"author":1,"featured_media":0,"parent":0,"menu_order":0,"comment_status":"closed","ping_status":"closed","template":"","meta":{"_uag_custom_page_level_css":"","footnotes":""},"class_list":["post-365","page","type-page","status-publish","hentry"],"yoast_head":"<!-- This site is optimized with the Yoast SEO plugin v25.4 - https:\/\/yoast.com\/wordpress\/plugins\/seo\/ -->\n<title>\u0110i\u1ec1u kho\u1ea3n v\u00e0 \u0111i\u1ec1u ki\u1ec7n - Waikiki Beach Hotel<\/title>\n<meta name=\"robots\" content=\"index, follow, max-snippet:-1, max-image-preview:large, max-video-preview:-1\" \/>\n<link rel=\"canonical\" href=\"https:\/\/waikikihotelvn.com\/vi\/terms-conditions\/\" \/>\n<meta property=\"og:locale\" content=\"vi_VN\" \/>\n<meta property=\"og:type\" content=\"article\" \/>\n<meta property=\"og:title\" content=\"\u0110i\u1ec1u kho\u1ea3n v\u00e0 \u0111i\u1ec1u ki\u1ec7n - Waikiki Beach Hotel\" \/>\n<meta property=\"og:description\" content=\"Th\u1eddi gian nh\u1eadn v\u00e0 tr\u1ea3 ph\u00f2ng Gi\u1edd nh\u1eadn ph\u00f2ng: t\u1eeb 14:00. Gi\u1edd tr\u1ea3 ph\u00f2ng: tr\u01b0\u1edbc 12:00. Nh\u1eadn ph\u00f2ng s\u1edbm hay tr\u1ea3 ph\u00f2ng mu\u1ed9n ph\u1ee5 thu\u1ed9c v\u00e0o t\u00ecnh tr\u1ea1ng ph\u00f2ng c\u1ee7a kh\u00e1ch s\u1ea1n v\u00e0 t\u00ednh ph\u00ed ph\u1ee5 thu nh\u01b0 sau: &#8211; Nh\u1eadn ph\u00f2ng tr\u01b0\u1edbc 06:00 ho\u1eb7c tr\u1ea3 ph\u00f2ng sau 18:00: t\u00ednh th\u00eam 100% ph\u00ed 01 \u0111\u00eam. [&hellip;]\" \/>\n<meta property=\"og:url\" content=\"https:\/\/waikikihotelvn.com\/vi\/terms-conditions\/\" \/>\n<meta property=\"og:site_name\" content=\"Waikiki Beach Hotel\" \/>\n<meta property=\"article:publisher\" content=\"https:\/\/www.facebook.com\/khachsandanang2023\" \/>\n<meta property=\"article:modified_time\" content=\"2024-05-04T14:51:22+00:00\" \/>\n<meta property=\"og:image\" content=\"https:\/\/waikikihotelvn.com\/wp-content\/uploads\/2024\/01\/waikiki.jpg\" \/>\n\t<meta property=\"og:image:width\" content=\"1024\" \/>\n\t<meta property=\"og:image:height\" content=\"613\" \/>\n\t<meta property=\"og:image:type\" content=\"image\/jpeg\" \/>\n<meta name=\"twitter:card\" content=\"summary_large_image\" \/>\n<meta name=\"twitter:label1\" content=\"\u01af\u1edbc t\u00ednh th\u1eddi gian \u0111\u1ecdc\" \/>\n\t<meta name=\"twitter:data1\" content=\"1 ph\u00fat\" \/>\n<script type=\"application\/ld+json\" class=\"yoast-schema-graph\">{\"@context\":\"https:\/\/schema.org\",\"@graph\":[{\"@type\":\"WebPage\",\"@id\":\"https:\/\/waikikihotelvn.com\/vi\/terms-conditions\/\",\"url\":\"https:\/\/waikikihotelvn.com\/vi\/terms-conditions\/\",\"name\":\"\u0110i\u1ec1u kho\u1ea3n v\u00e0 \u0111i\u1ec1u ki\u1ec7n - Waikiki Beach Hotel\",\"isPartOf\":{\"@id\":\"https:\/\/waikikihotelvn.com\/vi\/#website\"},\"datePublished\":\"2024-01-17T04:07:41+00:00\",\"dateModified\":\"2024-05-04T14:51:22+00:00\",\"breadcrumb\":{\"@id\":\"https:\/\/waikikihotelvn.com\/vi\/terms-conditions\/#breadcrumb\"},\"inLanguage\":\"vi\",\"potentialAction\":[{\"@type\":\"ReadAction\",\"target\":[[\"https:\/\/waikikihotelvn.com\/vi\/terms-conditions\/\"]]}]},{\"@type\":\"BreadcrumbList\",\"@id\":\"https:\/\/waikikihotelvn.com\/vi\/terms-conditions\/#breadcrumb\",\"itemListElement\":[{\"@type\":\"ListItem\",\"position\":1,\"name\":\"Home\",\"item\":\"https:\/\/waikikihotelvn.com\/vi\/\"},{\"@type\":\"ListItem\",\"position\":2,\"name\":\"Terms &#038; Conditions\"}]},{\"@type\":\"WebSite\",\"@id\":\"https:\/\/waikikihotelvn.com\/vi\/#website\",\"url\":\"https:\/\/waikikihotelvn.com\/vi\/\",\"name\":\"Waikiki Beach Hotel\",\"description\":\"Kh\u00e1ch s\u1ea1n Waikiki t\u1ea1i b\u00e3i bi\u1ec3n M\u1ef9 Kh\u00ea\",\"publisher\":{\"@id\":\"https:\/\/waikikihotelvn.com\/vi\/#organization\"},\"potentialAction\":[{\"@type\":\"SearchAction\",\"target\":{\"@type\":\"EntryPoint\",\"urlTemplate\":\"https:\/\/waikikihotelvn.com\/vi\/?s={search_term_string}\"},\"query-input\":{\"@type\":\"PropertyValueSpecification\",\"valueRequired\":true,\"valueName\":\"search_term_string\"}}],\"inLanguage\":\"vi\"},{\"@type\":\"Organization\",\"@id\":\"https:\/\/waikikihotelvn.com\/vi\/#organization\",\"name\":\"Waikiki Beach Hotel\",\"url\":\"https:\/\/waikikihotelvn.com\/vi\/\",\"logo\":{\"@type\":\"ImageObject\",\"inLanguage\":\"vi\",\"@id\":\"https:\/\/waikikihotelvn.com\/vi\/#\/schema\/logo\/image\/\",\"url\":\"https:\/\/waikikihotelvn.com\/wp-content\/uploads\/2024\/01\/waikiki.jpg\",\"contentUrl\":\"https:\/\/waikikihotelvn.com\/wp-content\/uploads\/2024\/01\/waikiki.jpg\",\"width\":1024,\"height\":613,\"caption\":\"Waikiki Beach Hotel\"},\"image\":{\"@id\":\"https:\/\/waikikihotelvn.com\/vi\/#\/schema\/logo\/image\/\"},\"sameAs\":[\"https:\/\/www.facebook.com\/khachsandanang2023\"]}]}<\/script>\n<!-- \/ Yoast SEO plugin. -->","yoast_head_json":{"title":"\u0110i\u1ec1u kho\u1ea3n v\u00e0 \u0111i\u1ec1u ki\u1ec7n - Waikiki Beach Hotel","robots":{"index":"index","follow":"follow","max-snippet":"max-snippet:-1","max-image-preview":"max-image-preview:large","max-video-preview":"max-video-preview:-1"},"canonical":"https:\/\/waikikihotelvn.com\/vi\/terms-conditions\/","og_locale":"vi_VN","og_type":"article","og_title":"\u0110i\u1ec1u kho\u1ea3n v\u00e0 \u0111i\u1ec1u ki\u1ec7n - Waikiki Beach Hotel","og_description":"Th\u1eddi gian nh\u1eadn v\u00e0 tr\u1ea3 ph\u00f2ng Gi\u1edd nh\u1eadn ph\u00f2ng: t\u1eeb 14:00. Gi\u1edd tr\u1ea3 ph\u00f2ng: tr\u01b0\u1edbc 12:00. Nh\u1eadn ph\u00f2ng s\u1edbm hay tr\u1ea3 ph\u00f2ng mu\u1ed9n ph\u1ee5 thu\u1ed9c v\u00e0o t\u00ecnh tr\u1ea1ng ph\u00f2ng c\u1ee7a kh\u00e1ch s\u1ea1n v\u00e0 t\u00ednh ph\u00ed ph\u1ee5 thu nh\u01b0 sau: &#8211; Nh\u1eadn ph\u00f2ng tr\u01b0\u1edbc 06:00 ho\u1eb7c tr\u1ea3 ph\u00f2ng sau 18:00: t\u00ednh th\u00eam 100% ph\u00ed 01 \u0111\u00eam. [&hellip;]","og_url":"https:\/\/waikikihotelvn.com\/vi\/terms-conditions\/","og_site_name":"Waikiki Beach Hotel","article_publisher":"https:\/\/www.facebook.com\/khachsandanang2023","article_modified_time":"2024-05-04T14:51:22+00:00","og_image":[{"width":1024,"height":613,"url":"https:\/\/waikikihotelvn.com\/wp-content\/uploads\/2024\/01\/waikiki.jpg","type":"image\/jpeg"}],"twitter_card":"summary_large_image","twitter_misc":{"\u01af\u1edbc t\u00ednh th\u1eddi gian \u0111\u1ecdc":"1 ph\u00fat"},"schema":{"@context":"https:\/\/schema.org","@graph":[{"@type":"WebPage","@id":"https:\/\/waikikihotelvn.com\/vi\/terms-conditions\/","url":"https:\/\/waikikihotelvn.com\/vi\/terms-conditions\/","name":"\u0110i\u1ec1u kho\u1ea3n v\u00e0 \u0111i\u1ec1u ki\u1ec7n - Waikiki Beach Hotel","isPartOf":{"@id":"https:\/\/waikikihotelvn.com\/vi\/#website"},"datePublished":"2024-01-17T04:07:41+00:00","dateModified":"2024-05-04T14:51:22+00:00","breadcrumb":{"@id":"https:\/\/waikikihotelvn.com\/vi\/terms-conditions\/#breadcrumb"},"inLanguage":"vi","potentialAction":[{"@type":"ReadAction","target":[["https:\/\/waikikihotelvn.com\/vi\/terms-conditions\/"]]}]},{"@type":"BreadcrumbList","@id":"https:\/\/waikikihotelvn.com\/vi\/terms-conditions\/#breadcrumb","itemListElement":[{"@type":"ListItem","position":1,"name":"Home","item":"https:\/\/waikikihotelvn.com\/vi\/"},{"@type":"ListItem","position":2,"name":"Terms &#038; Conditions"}]},{"@type":"WebSite","@id":"https:\/\/waikikihotelvn.com\/vi\/#website","url":"https:\/\/waikikihotelvn.com\/vi\/","name":"Waikiki Beach Hotel","description":"Kh\u00e1ch s\u1ea1n Waikiki t\u1ea1i b\u00e3i bi\u1ec3n M\u1ef9 Kh\u00ea","publisher":{"@id":"https:\/\/waikikihotelvn.com\/vi\/#organization"},"potentialAction":[{"@type":"SearchAction","target":{"@type":"EntryPoint","urlTemplate":"https:\/\/waikikihotelvn.com\/vi\/?s={search_term_string}"},"query-input":{"@type":"PropertyValueSpecification","valueRequired":true,"valueName":"search_term_string"}}],"inLanguage":"vi"},{"@type":"Organization","@id":"https:\/\/waikikihotelvn.com\/vi\/#organization","name":"Waikiki Beach Hotel","url":"https:\/\/waikikihotelvn.com\/vi\/","logo":{"@type":"ImageObject","inLanguage":"vi","@id":"https:\/\/waikikihotelvn.com\/vi\/#\/schema\/logo\/image\/","url":"https:\/\/waikikihotelvn.com\/wp-content\/uploads\/2024\/01\/waikiki.jpg","contentUrl":"https:\/\/waikikihotelvn.com\/wp-content\/uploads\/2024\/01\/waikiki.jpg","width":1024,"height":613,"caption":"Waikiki Beach Hotel"},"image":{"@id":"https:\/\/waikikihotelvn.com\/vi\/#\/schema\/logo\/image\/"},"sameAs":["https:\/\/www.facebook.com\/khachsandanang2023"]}]}},"uagb_featured_image_src":{"full":false,"thumbnail":false,"medium":false,"medium_large":false,"large":false,"1536x1536":false,"2048x2048":false,"post-thumbnail":false},"uagb_author_info":{"display_name":"admin","author_link":"https:\/\/waikikihotelvn.com\/vi\/author\/admin\/"},"uagb_comment_info":0,"uagb_excerpt":"Th\u1eddi gian nh\u1eadn v\u00e0 tr\u1ea3 ph\u00f2ng Gi\u1edd nh\u1eadn ph\u00f2ng: t\u1eeb 14:00. Gi\u1edd tr\u1ea3 ph\u00f2ng: tr\u01b0\u1edbc 12:00. Nh\u1eadn ph\u00f2ng s\u1edbm hay tr\u1ea3 ph\u00f2ng mu\u1ed9n ph\u1ee5 thu\u1ed9c v\u00e0o t\u00ecnh tr\u1ea1ng ph\u00f2ng c\u1ee7a kh\u00e1ch s\u1ea1n v\u00e0 t\u00ednh ph\u00ed ph\u1ee5 thu nh\u01b0 sau: &#8211; Nh\u1eadn ph\u00f2ng tr\u01b0\u1edbc 06:00 ho\u1eb7c tr\u1ea3 ph\u00f2ng sau 18:00: t\u00ednh th\u00eam 100% ph\u00ed 01 \u0111\u00eam.&hellip;","_links":{"self":[{"href":"https:\/\/waikikihotelvn.com\/vi\/wp-json\/wp\/v2\/pages\/365","targetHints":{"allow":["GET"]}}],"collection":[{"href":"https:\/\/waikikihotelvn.com\/vi\/wp-json\/wp\/v2\/pages"}],"about":[{"href":"https:\/\/waikikihotelvn.com\/vi\/wp-json\/wp\/v2\/types\/page"}],"author":[{"embeddable":true,"href":"https:\/\/waikikihotelvn.com\/vi\/wp-json\/wp\/v2\/users\/1"}],"replies":[{"embeddable":true,"href":"https:\/\/waikikihotelvn.com\/vi\/wp-json\/wp\/v2\/comments?post=365"}],"version-history":[{"count":8,"href":"https:\/\/waikikihotelvn.com\/vi\/wp-json\/wp\/v2\/pages\/365\/revisions"}],"predecessor-version":[{"id":597,"href":"https:\/\/waikikihotelvn.com\/vi\/wp-json\/wp\/v2\/pages\/365\/revisions\/597"}],"wp:attachment":[{"href":"https:\/\/waikikihotelvn.com\/vi\/wp-json\/wp\/v2\/media?parent=365"}],"curies":[{"name":"wp","href":"https:\/\/api.w.org\/{rel}","templated":true}]}}